{"id":78,"date":"2021-08-26T12:31:51","date_gmt":"2021-08-26T12:31:51","guid":{"rendered":"http:\/\/cro-in-evoo.pbf.hr\/?page_id=78"},"modified":"2022-02-25T12:07:16","modified_gmt":"2022-02-25T10:07:16","slug":"projektni-tim-2","status":"publish","type":"page","link":"http:\/\/cro-in-evoo.pbf.hr\/?page_id=78","title":{"rendered":"Projektni tim"},"content":{"rendered":"\n<p><strong>VODITELJICA PROJEKTA:<\/strong><\/p>\n\n\n\n<p>Prof.dr.sc. Dubravka \u0160kevin, Laboratorij za kemiju i tehnologiju ulja i masti, Zavod za prehrambeno-tehnolo\u0161ko in\u017eenjerstvo, Prehrambeno-biotehnolo\u0161ki fakultet, Sveu\u010dili\u0161te u Zagrebu Hrvatska<\/p>\n\n\n\n<p><strong>PROJEKTNI TIM:<\/strong><\/p>\n\n\n\n<p><strong>Prehrambeno-biotehnolo\u0161ki fakultet, Sveu\u010dili\u0161te u Zagrebu<\/strong><\/p>\n\n\n\n<p><em>Laboratorij za kemiju i tehnologiju ulja i masti, Zavod za prehrambeno-tehnolo\u0161ko in\u017eenjerstvo<\/em><\/p>\n\n\n\n<ol><li>Izv.prof.dr.sc.&nbsp;Klara Kralji\u0107<\/li><li>Doc.dr.sc. Marko Obranovi\u0107<\/li><li>Katarina Filipan, mag.ing.techn.aliment.<\/li><li>Melisa Trputec, tehni\u010dki suradnik<\/li><\/ol>\n\n\n\n<p><em>Kabinet za projektiranje, Zavod za prehrambeno-tehnolo\u0161ko in\u017eenjerstvo<\/em><\/p>\n\n\n\n<ol><li>Prof.dr.sc. Sandra Balbino<\/li><\/ol>\n\n\n\n<p><em>Laboratorij za procesno-prehrambeno in\u017eenjerstvo, Zavod za prehrambeno-tehnolo\u0161ko in\u017eenjerstvo<\/em><\/p>\n\n\n\n<ol><li>Prof.dr.sc. Zoran Herceg<\/li><li>Mia Ivanov, mag.ing.techn.aliment.<\/li><\/ol>\n\n\n\n<p><strong>Institut za jadranske kulture i melioraciju kr\u0161a, Split<\/strong><\/p>\n\n\n\n<p><em>Zavod za primijenjene znanosti<\/em><\/p>\n\n\n\n<ol><li>Dr.sc.\u00a0Mirela \u017daneti\u0107<\/li><li>Dr.sc. Maja Juki\u0107 \u0160pika<\/li><\/ol>\n\n\n\n<p><strong>Medicinski fakultet sveu\u010dili\u0161ta u Rijeci<\/strong><\/p>\n\n\n\n<p><em>Katedra za tehnologiju i kontrolu namirnica<\/em><\/p>\n\n\n\n<ol><li>Prof.dr.sc.&nbsp;Olivera Koprivnjak<\/li><li>Doc. dr. sc. Valerija Majeti\u0107 Germek<\/li><\/ol>\n\n\n\n<p><strong>Veleu\u010dili\u0161te u Rijeci<\/strong><\/p>\n\n\n\n<ol><li>Dr. sc. Ur\u0161ka Kosi\u0107, vi\u0161i predava\u010d<\/li><\/ol>\n\n\n\n<p><\/p>\n","protected":false},"excerpt":{"rendered":"<p>VODITELJICA PROJEKTA: Prof.dr.sc. Dubravka \u0160kevin, Laboratorij za kemiju i tehnologiju ulja i masti, Zavod za prehrambeno-tehnolo\u0161ko in\u017eenjerstvo, Prehrambeno-biotehnolo\u0161ki fakultet, Sveu\u010dili\u0161te u Zagrebu Hrvatska PROJEKTNI TIM: Prehrambeno-biotehnolo\u0161ki fakultet, Sveu\u010dili\u0161te u Zagrebu Laboratorij za kemiju i tehnologiju ulja i masti, Zavod za prehrambeno-tehnolo\u0161ko in\u017eenjerstvo Izv.prof.dr.sc.&nbsp;Klara Kralji\u0107 Doc.dr.sc. Marko Obranovi\u0107 Katarina Filipan, mag.ing.techn.aliment. Melisa Trputec, tehni\u010dki suradnik Kabinet &hellip; <\/p>\n<p><a href=\"http:\/\/cro-in-evoo.pbf.hr\/?page_id=78\" class=\"more-link\">Continue reading <span class=\"screen-reader-text\">Projektni tim<\/span><\/a><\/p>\n","protected":false},"author":1,"featured_media":120,"parent":0,"menu_order":0,"comment_status":"closed","ping_status":"closed","template":"","meta":[],"_links":{"self":[{"href":"http:\/\/cro-in-evoo.pbf.hr\/index.php?rest_route=\/wp\/v2\/pages\/78"}],"collection":[{"href":"http:\/\/cro-in-evoo.pbf.hr\/index.php?rest_route=\/wp\/v2\/pages"}],"about":[{"href":"http:\/\/cro-in-evoo.pbf.hr\/index.php?rest_route=\/wp\/v2\/types\/page"}],"author":[{"embeddable":true,"href":"http:\/\/cro-in-evoo.pbf.hr\/index.php?rest_route=\/wp\/v2\/users\/1"}],"replies":[{"embeddable":true,"href":"http:\/\/cro-in-evoo.pbf.hr\/index.php?rest_route=%2Fwp%2Fv2%2Fcomments&post=78"}],"version-history":[{"count":15,"href":"http:\/\/cro-in-evoo.pbf.hr\/index.php?rest_route=\/wp\/v2\/pages\/78\/revisions"}],"predecessor-version":[{"id":251,"href":"http:\/\/cro-in-evoo.pbf.hr\/index.php?rest_route=\/wp\/v2\/pages\/78\/revisions\/251"}],"wp:featuredmedia":[{"embeddable":true,"href":"http:\/\/cro-in-evoo.pbf.hr\/index.php?rest_route=\/wp\/v2\/media\/120"}],"wp:attachment":[{"href":"http:\/\/cro-in-evoo.pbf.hr\/index.php?rest_route=%2Fwp%2Fv2%2Fmedia&parent=78"}],"curies":[{"name":"wp","href":"https:\/\/api.w.org\/{rel}","templated":true}]}}